{"id":166,"date":"2015-09-10T17:13:15","date_gmt":"2015-09-10T17:13:15","guid":{"rendered":"http:\/\/azplasticsurgerycenter.com\/es\/?page_id=166"},"modified":"2019-05-02T09:34:26","modified_gmt":"2019-05-02T15:34:26","slug":"conozca-al-dr-spies","status":"publish","type":"page","link":"https:\/\/azplasticsurgerycenter.com\/es\/conozca-al-dr-spies\/","title":{"rendered":"Conozca al Dr Spies"},"content":{"rendered":"<h3>Looking for the most qualified, experienced plastic surgeon?<\/h3>\n<p>The <em><strong>American Society of Plastic Surgeons<\/strong><\/em> recommends that you DO NOT choose a doctor on the basis of:<\/p>\n<ul>\n<li>Fame or the fact that he is recognized by the media<\/li>\n<li>Large ads in the Yellow Pages, magazines or newspapers<\/li>\n<li>Recommendations from people you don&#8217;t really know<\/li>\n<\/ul>\n<h2>How to Find a Plastic Surgeon:<\/h2>\n<h3>Good Questions to Ask Yourself<\/h3>\n<ul>\n<li>Has the doctor welcomed your questions about qualifications, risks, costs?<\/li>\n<li>Is the doctor on the list of plastic surgeons in the ASPS web site?<\/li>\n<li>Is the doctor board certified by the ASPS?<\/li>\n<li>Is the doctor well versed in the procedure you are considering?<\/li>\n<li>Even if the doctor has his own facility, does he have privileges to do your procedure at an accredited hospital? Call to find out.<\/li>\n<\/ul>\n<h3>Warning Signs<\/h3>\n<ul>\n<li>Is the doctor unwilling to answer all your questions?<\/li>\n<li>Is the doctor&#8217;s office and personal appearance unprofessional?<\/li>\n<li>Has the doctor pressured you to add unnecessary procedures?<\/li>\n<li>Is the doctor certified in an unrelated specialty?<\/li>\n<li>Did the doctor complete his residency in a specialty unrelated to your procedure?<\/li>\n<\/ul>\n<h2>Learn More About Dr. Spies&#8217; Qualifications and Experience<\/h2>\n<p><img loading=\"lazy\" decoding=\"async\" class=\"alignleft wp-image-188 size-medium\" src=\"https:\/\/azplasticsurgerycenter.com\/es\/wp-content\/uploads\/2015\/09\/Dr-Spies-008-240x300.jpg\" alt=\"Dr Spies 008\" width=\"240\" height=\"300\" srcset=\"https:\/\/azplasticsurgerycenter.com\/es\/wp-content\/uploads\/2015\/09\/Dr-Spies-008-240x300.jpg 240w, https:\/\/azplasticsurgerycenter.com\/es\/wp-content\/uploads\/2015\/09\/Dr-Spies-008-56x70.jpg 56w, https:\/\/azplasticsurgerycenter.com\/es\/wp-content\/uploads\/2015\/09\/Dr-Spies-008.jpg 360w\" sizes=\"(max-width: 240px) 100vw, 240px\" \/>Before practicing cosmetic surgery in Arizona, Dr. Spies received his training and education at Ohio State University College of Medicine and at the University of Kentucky Medical Center. He has received awards and recognition for his work including being the recipient of the American Medical Association Physicians Recognition Award as well as being voted &#8220;Top Doc&#8221; for 2003 by a group of his peers. Not only does this recognized Arizona cosmetic surgeon dedicate his time to his practice, but also to the community. Dr. Spies has donated his time and skills to perform reconstructive surgery on children with birth deformities in Mexico and plans on taking his efforts to South America.<\/p>\n<p>To learn more regarding Dr. Spies&#8217; practice or the surgical procedure you&#8217;re considering, please schedule an initial consultation. He will be glad to answer any questions you may have. During your visit, you will also learn if insurance covers your surgery, the type of anesthesia typically used with the procedure, and the extent of scarring to expect.<\/p>\n<p>Whether you would like to learn more about the potential risks and side effects of a certain procedure or are interested in achieving your aesthetic goal without having to undergo plastic surgery, Dr. Spies ensures a comfortable and rewarding experience while meeting your needs.<\/p>\n<blockquote class=\"clear\"><p><strong>Call Toll Free: 1-888-344-0085<\/strong><\/p>\n<p>Robert J. Spies, MD, is an experienced, Board Certified Plastic Surgeon, with 7 years of surgical training prior to entering private practice in 1986. He participates in continuing education and adheres to a strict code of ethics.<\/p><\/blockquote>\n<h4>American Society of Plastic Surgeons (ASPS)<\/h4>\n<p><img loading=\"lazy\" decoding=\"async\" src=\"https:\/\/azplasticsurgerycenter.com\/es\/wp-content\/uploads\/2015\/09\/logoASPS.gif\" alt=\"logoASPS\" width=\"150\" height=\"95\" \/><\/p>\n<p><em><strong>The American Society of Plastic Surgeons (ASPS)<\/strong><\/em> is the largest plastic surgery specialty organization in the world. This society is composed of board-certified plastic surgeons that perform cosmetic and reconstructive surgery.Only members of the American Society of Plastic Surgeons may display the ASPS logo. This symbol of excellence in plastic surgery is what to look for when deciding on a surgeon. It tells you that you are choosing a physician who is certified by the American Board of Plastic Surgery. Dr. Spies has been a member of the ASPS since 1986.<\/p>\n<h4>American Society for Aesthetic Plastic Surgery (ASAPS)<\/h4>\n<p><img loading=\"lazy\" decoding=\"async\" src=\"https:\/\/azplasticsurgerycenter.com\/es\/wp-content\/uploads\/2015\/09\/logoASAPS.gif\" alt=\"logoASAPS\" width=\"150\" height=\"131\" \/><\/p>\n<p>As a member of the <em><strong>American Society for Aesthetic Plastic Surgery (ASAPS)<\/strong><\/em>, Dr. Spies is amongst a select group of board-certified plastic surgeons who have attained the highest level of achievement in cosmetic surgical training, continuing education and clinical experience.\u00a0The ASAPS is an organization devoted exclusively to advancing the science and art of cosmetic plastic surgery. Its members are a select group of board-certified plastic surgeons who have earned the right to display the distinctive ASAPS logo, depicting the Egyptian Queen Nefertiti and symbolizing ageless beauty. Today, this logo represents the highest achievement in cosmetic plastic surgery. Dr. Spies has been an active member of the ASAPS since 1995.<\/p>\n","protected":false},"excerpt":{"rendered":"<p>Looking for the most qualified, experienced plastic surgeon? The American Society of Plastic Surgeons recommends that you DO NOT choose a doctor on the basis of: Fame or the fact that he is recognized by the media Large ads in the Yellow Pages, magazines or newspapers Recommendations from people you don&#8217;t really know How to [&hellip;]<\/p>\n","protected":false},"author":1,"featured_media":190,"parent":0,"menu_order":0,"comment_status":"open","ping_status":"open","template":"template-about.php","meta":{"_acf_changed":false,"footnotes":""},"acf":[],"yoast_head":"<!-- This site is optimized with the Yoast SEO plugin v22.0 - https:\/\/yoast.com\/wordpress\/plugins\/seo\/ -->\n<title>Por qu\u00e9 deber\u00edas elegir al Dr. Robert J. Spies como su cirujano pl\u00e1stico | Scottsdale, AZ<\/title>\n<meta name=\"description\" content=\"Al elegir un cirujano pl\u00e1stico, usted desea un m\u00e9dico altamente calificado y que produzca resultados superiores. Vea por qu\u00e9 el Dr. Spies debe ser su cirujano para su pr\u00f3ximo procedimiento.\" \/>\n<meta name=\"robots\" content=\"index, follow, max-snippet:-1, max-image-preview:large, max-video-preview:-1\" \/>\n<link rel=\"canonical\" href=\"https:\/\/azplasticsurgerycenter.com\/es\/conozca-al-dr-spies\/\" \/>\n<meta property=\"og:locale\" content=\"en_US\" \/>\n<meta property=\"og:type\" content=\"article\" \/>\n<meta property=\"og:title\" content=\"Por qu\u00e9 deber\u00edas elegir al Dr. Robert J. Spies como su cirujano pl\u00e1stico | Scottsdale, AZ\" \/>\n<meta property=\"og:description\" content=\"Al elegir un cirujano pl\u00e1stico, usted desea un m\u00e9dico altamente calificado y que produzca resultados superiores. Vea por qu\u00e9 el Dr. Spies debe ser su cirujano para su pr\u00f3ximo procedimiento.\" \/>\n<meta property=\"og:url\" content=\"https:\/\/azplasticsurgerycenter.com\/es\/conozca-al-dr-spies\/\" \/>\n<meta property=\"og:site_name\" content=\"Robert J. Spies, MD, FACS\" \/>\n<meta property=\"article:modified_time\" content=\"2019-05-02T15:34:26+00:00\" \/>\n<meta property=\"og:image\" content=\"https:\/\/azplasticsurgerycenter.com\/es\/wp-content\/uploads\/2015\/09\/dr-spies.jpg\" \/>\n\t<meta property=\"og:image:width\" content=\"500\" \/>\n\t<meta property=\"og:image:height\" content=\"500\" \/>\n\t<meta property=\"og:image:type\" content=\"image\/jpeg\" \/>\n<meta name=\"twitter:card\" content=\"summary_large_image\" \/>\n<meta name=\"twitter:label1\" content=\"Est. reading time\" \/>\n\t<meta name=\"twitter:data1\" content=\"3 minutes\" \/>\n<script type=\"application\/ld+json\" class=\"yoast-schema-graph\">{\"@context\":\"https:\/\/schema.org\",\"@graph\":[{\"@type\":\"WebPage\",\"@id\":\"https:\/\/azplasticsurgerycenter.com\/es\/conozca-al-dr-spies\/\",\"url\":\"https:\/\/azplasticsurgerycenter.com\/es\/conozca-al-dr-spies\/\",\"name\":\"Por qu\u00e9 deber\u00edas elegir al Dr. Robert J. Spies como su cirujano pl\u00e1stico | Scottsdale, AZ\",\"isPartOf\":{\"@id\":\"https:\/\/azplasticsurgerycenter.com\/es\/#website\"},\"datePublished\":\"2015-09-10T17:13:15+00:00\",\"dateModified\":\"2019-05-02T15:34:26+00:00\",\"description\":\"Al elegir un cirujano pl\u00e1stico, usted desea un m\u00e9dico altamente calificado y que produzca resultados superiores. Vea por qu\u00e9 el Dr. Spies debe ser su cirujano para su pr\u00f3ximo procedimiento.\",\"breadcrumb\":{\"@id\":\"https:\/\/azplasticsurgerycenter.com\/es\/conozca-al-dr-spies\/#breadcrumb\"},\"inLanguage\":\"en-US\",\"potentialAction\":[{\"@type\":\"ReadAction\",\"target\":[\"https:\/\/azplasticsurgerycenter.com\/es\/conozca-al-dr-spies\/\"]}]},{\"@type\":\"BreadcrumbList\",\"@id\":\"https:\/\/azplasticsurgerycenter.com\/es\/conozca-al-dr-spies\/#breadcrumb\",\"itemListElement\":[{\"@type\":\"ListItem\",\"position\":1,\"name\":\"Home\",\"item\":\"https:\/\/azplasticsurgerycenter.com\/es\/\"},{\"@type\":\"ListItem\",\"position\":2,\"name\":\"Conozca al Dr Spies\"}]},{\"@type\":\"WebSite\",\"@id\":\"https:\/\/azplasticsurgerycenter.com\/es\/#website\",\"url\":\"https:\/\/azplasticsurgerycenter.com\/es\/\",\"name\":\"Robert J. Spies, MD, FACS\",\"description\":\"Robert J. Spies, MD, FACS - Board Certified in Plastic and Reconstructive Surgery\",\"potentialAction\":[{\"@type\":\"SearchAction\",\"target\":{\"@type\":\"EntryPoint\",\"urlTemplate\":\"https:\/\/azplasticsurgerycenter.com\/es\/?s={search_term_string}\"},\"query-input\":\"required name=search_term_string\"}],\"inLanguage\":\"en-US\"}]}<\/script>\n<!-- \/ Yoast SEO plugin. -->","yoast_head_json":{"title":"Por qu\u00e9 deber\u00edas elegir al Dr. Robert J. Spies como su cirujano pl\u00e1stico | Scottsdale, AZ","description":"Al elegir un cirujano pl\u00e1stico, usted desea un m\u00e9dico altamente calificado y que produzca resultados superiores. Vea por qu\u00e9 el Dr. Spies debe ser su cirujano para su pr\u00f3ximo procedimiento.","robots":{"index":"index","follow":"follow","max-snippet":"max-snippet:-1","max-image-preview":"max-image-preview:large","max-video-preview":"max-video-preview:-1"},"canonical":"https:\/\/azplasticsurgerycenter.com\/es\/conozca-al-dr-spies\/","og_locale":"en_US","og_type":"article","og_title":"Por qu\u00e9 deber\u00edas elegir al Dr. Robert J. Spies como su cirujano pl\u00e1stico | Scottsdale, AZ","og_description":"Al elegir un cirujano pl\u00e1stico, usted desea un m\u00e9dico altamente calificado y que produzca resultados superiores. Vea por qu\u00e9 el Dr. Spies debe ser su cirujano para su pr\u00f3ximo procedimiento.","og_url":"https:\/\/azplasticsurgerycenter.com\/es\/conozca-al-dr-spies\/","og_site_name":"Robert J. Spies, MD, FACS","article_modified_time":"2019-05-02T15:34:26+00:00","og_image":[{"width":500,"height":500,"url":"https:\/\/azplasticsurgerycenter.com\/es\/wp-content\/uploads\/2015\/09\/dr-spies.jpg","type":"image\/jpeg"}],"twitter_card":"summary_large_image","twitter_misc":{"Est. reading time":"3 minutes"},"schema":{"@context":"https:\/\/schema.org","@graph":[{"@type":"WebPage","@id":"https:\/\/azplasticsurgerycenter.com\/es\/conozca-al-dr-spies\/","url":"https:\/\/azplasticsurgerycenter.com\/es\/conozca-al-dr-spies\/","name":"Por qu\u00e9 deber\u00edas elegir al Dr. Robert J. Spies como su cirujano pl\u00e1stico | Scottsdale, AZ","isPartOf":{"@id":"https:\/\/azplasticsurgerycenter.com\/es\/#website"},"datePublished":"2015-09-10T17:13:15+00:00","dateModified":"2019-05-02T15:34:26+00:00","description":"Al elegir un cirujano pl\u00e1stico, usted desea un m\u00e9dico altamente calificado y que produzca resultados superiores. Vea por qu\u00e9 el Dr. Spies debe ser su cirujano para su pr\u00f3ximo procedimiento.","breadcrumb":{"@id":"https:\/\/azplasticsurgerycenter.com\/es\/conozca-al-dr-spies\/#breadcrumb"},"inLanguage":"en-US","potentialAction":[{"@type":"ReadAction","target":["https:\/\/azplasticsurgerycenter.com\/es\/conozca-al-dr-spies\/"]}]},{"@type":"BreadcrumbList","@id":"https:\/\/azplasticsurgerycenter.com\/es\/conozca-al-dr-spies\/#breadcrumb","itemListElement":[{"@type":"ListItem","position":1,"name":"Home","item":"https:\/\/azplasticsurgerycenter.com\/es\/"},{"@type":"ListItem","position":2,"name":"Conozca al Dr Spies"}]},{"@type":"WebSite","@id":"https:\/\/azplasticsurgerycenter.com\/es\/#website","url":"https:\/\/azplasticsurgerycenter.com\/es\/","name":"Robert J. Spies, MD, FACS","description":"Robert J. Spies, MD, FACS - Board Certified in Plastic and Reconstructive Surgery","potentialAction":[{"@type":"SearchAction","target":{"@type":"EntryPoint","urlTemplate":"https:\/\/azplasticsurgerycenter.com\/es\/?s={search_term_string}"},"query-input":"required name=search_term_string"}],"inLanguage":"en-US"}]}},"_links":{"self":[{"href":"https:\/\/azplasticsurgerycenter.com\/es\/wp-json\/wp\/v2\/pages\/166"}],"collection":[{"href":"https:\/\/azplasticsurgerycenter.com\/es\/wp-json\/wp\/v2\/pages"}],"about":[{"href":"https:\/\/azplasticsurgerycenter.com\/es\/wp-json\/wp\/v2\/types\/page"}],"author":[{"embeddable":true,"href":"https:\/\/azplasticsurgerycenter.com\/es\/wp-json\/wp\/v2\/users\/1"}],"replies":[{"embeddable":true,"href":"https:\/\/azplasticsurgerycenter.com\/es\/wp-json\/wp\/v2\/comments?post=166"}],"version-history":[{"count":5,"href":"https:\/\/azplasticsurgerycenter.com\/es\/wp-json\/wp\/v2\/pages\/166\/revisions"}],"predecessor-version":[{"id":4279,"href":"https:\/\/azplasticsurgerycenter.com\/es\/wp-json\/wp\/v2\/pages\/166\/revisions\/4279"}],"wp:featuredmedia":[{"embeddable":true,"href":"https:\/\/azplasticsurgerycenter.com\/es\/wp-json\/wp\/v2\/media\/190"}],"wp:attachment":[{"href":"https:\/\/azplasticsurgerycenter.com\/es\/wp-json\/wp\/v2\/media?parent=166"}],"curies":[{"name":"wp","href":"https:\/\/api.w.org\/{rel}","templated":true}]}}