{"id":14,"date":"2015-08-16T06:20:04","date_gmt":"2015-08-16T06:20:04","guid":{"rendered":"http:\/\/azplasticsurgerycenter.com\/es\/?page_id=14"},"modified":"2022-11-10T12:19:43","modified_gmt":"2022-11-10T19:19:43","slug":"home","status":"publish","type":"page","link":"https:\/\/azplasticsurgerycenter.com\/es\/","title":{"rendered":"Home"},"content":{"rendered":"","protected":false},"excerpt":{"rendered":"","protected":false},"author":1,"featured_media":0,"parent":0,"menu_order":0,"comment_status":"open","ping_status":"open","template":"","meta":{"_acf_changed":false,"footnotes":""},"acf":[],"yoast_head":"<!-- This site is optimized with the Yoast SEO plugin v22.0 - https:\/\/yoast.com\/wordpress\/plugins\/seo\/ -->\n<title>Robert J. Spies, MD, FACS | Scottsdale, AZ | Cirujano Pl\u00e1stico<\/title>\n<meta name=\"description\" content=\"Votado como uno de los mejores m\u00e9dicos de Arizona, el Dr. Spies es bien conocido por su calidad de trabajo y experiencia en cirug\u00eda est\u00e9tica y reconstructiva, que incluye el cambio de imagen de mam\u00e1s, la abdominoplastia, las cirug\u00edas de senos y m\u00e1s.\" \/>\n<meta name=\"robots\" content=\"index, follow, max-snippet:-1, max-image-preview:large, max-video-preview:-1\" \/>\n<link rel=\"canonical\" href=\"https:\/\/azplasticsurgerycenter.com\/es\/\" \/>\n<meta property=\"og:locale\" content=\"en_US\" \/>\n<meta property=\"og:type\" content=\"article\" \/>\n<meta property=\"og:title\" content=\"Robert J. Spies, MD, FACS | Scottsdale, AZ | Cirujano Pl\u00e1stico\" \/>\n<meta property=\"og:description\" content=\"Votado como uno de los mejores m\u00e9dicos de Arizona, el Dr. Spies es bien conocido por su calidad de trabajo y experiencia en cirug\u00eda est\u00e9tica y reconstructiva, que incluye el cambio de imagen de mam\u00e1s, la abdominoplastia, las cirug\u00edas de senos y m\u00e1s.\" \/>\n<meta property=\"og:url\" content=\"https:\/\/azplasticsurgerycenter.com\/es\/\" \/>\n<meta property=\"og:site_name\" content=\"Robert J. Spies, MD, FACS\" \/>\n<meta property=\"article:modified_time\" content=\"2022-11-10T19:19:43+00:00\" \/>\n<meta name=\"twitter:card\" content=\"summary_large_image\" \/>\n<script type=\"application\/ld+json\" class=\"yoast-schema-graph\">{\"@context\":\"https:\/\/schema.org\",\"@graph\":[{\"@type\":\"WebPage\",\"@id\":\"https:\/\/azplasticsurgerycenter.com\/es\/\",\"url\":\"https:\/\/azplasticsurgerycenter.com\/es\/\",\"name\":\"Robert J. Spies, MD, FACS | Scottsdale, AZ | Cirujano Pl\u00e1stico\",\"isPartOf\":{\"@id\":\"https:\/\/azplasticsurgerycenter.com\/es\/#website\"},\"datePublished\":\"2015-08-16T06:20:04+00:00\",\"dateModified\":\"2022-11-10T19:19:43+00:00\",\"description\":\"Votado como uno de los mejores m\u00e9dicos de Arizona, el Dr. Spies es bien conocido por su calidad de trabajo y experiencia en cirug\u00eda est\u00e9tica y reconstructiva, que incluye el cambio de imagen de mam\u00e1s, la abdominoplastia, las cirug\u00edas de senos y m\u00e1s.\",\"breadcrumb\":{\"@id\":\"https:\/\/azplasticsurgerycenter.com\/es\/#breadcrumb\"},\"inLanguage\":\"en-US\",\"potentialAction\":[{\"@type\":\"ReadAction\",\"target\":[\"https:\/\/azplasticsurgerycenter.com\/es\/\"]}]},{\"@type\":\"BreadcrumbList\",\"@id\":\"https:\/\/azplasticsurgerycenter.com\/es\/#breadcrumb\",\"itemListElement\":[{\"@type\":\"ListItem\",\"position\":1,\"name\":\"Home\",\"item\":\"https:\/\/azplasticsurgerycenter.com\/es\/\"},{\"@type\":\"ListItem\",\"position\":2,\"name\":\"Home\"}]},{\"@type\":\"WebSite\",\"@id\":\"https:\/\/azplasticsurgerycenter.com\/es\/#website\",\"url\":\"https:\/\/azplasticsurgerycenter.com\/es\/\",\"name\":\"Robert J. Spies, MD, FACS\",\"description\":\"Robert J. Spies, MD, FACS - Board Certified in Plastic and Reconstructive Surgery\",\"potentialAction\":[{\"@type\":\"SearchAction\",\"target\":{\"@type\":\"EntryPoint\",\"urlTemplate\":\"https:\/\/azplasticsurgerycenter.com\/es\/?s={search_term_string}\"},\"query-input\":\"required name=search_term_string\"}],\"inLanguage\":\"en-US\"}]}<\/script>\n<!-- \/ Yoast SEO plugin. -->","yoast_head_json":{"title":"Robert J. Spies, MD, FACS | Scottsdale, AZ | Cirujano Pl\u00e1stico","description":"Votado como uno de los mejores m\u00e9dicos de Arizona, el Dr. Spies es bien conocido por su calidad de trabajo y experiencia en cirug\u00eda est\u00e9tica y reconstructiva, que incluye el cambio de imagen de mam\u00e1s, la abdominoplastia, las cirug\u00edas de senos y m\u00e1s.","robots":{"index":"index","follow":"follow","max-snippet":"max-snippet:-1","max-image-preview":"max-image-preview:large","max-video-preview":"max-video-preview:-1"},"canonical":"https:\/\/azplasticsurgerycenter.com\/es\/","og_locale":"en_US","og_type":"article","og_title":"Robert J. Spies, MD, FACS | Scottsdale, AZ | Cirujano Pl\u00e1stico","og_description":"Votado como uno de los mejores m\u00e9dicos de Arizona, el Dr. Spies es bien conocido por su calidad de trabajo y experiencia en cirug\u00eda est\u00e9tica y reconstructiva, que incluye el cambio de imagen de mam\u00e1s, la abdominoplastia, las cirug\u00edas de senos y m\u00e1s.","og_url":"https:\/\/azplasticsurgerycenter.com\/es\/","og_site_name":"Robert J. Spies, MD, FACS","article_modified_time":"2022-11-10T19:19:43+00:00","twitter_card":"summary_large_image","schema":{"@context":"https:\/\/schema.org","@graph":[{"@type":"WebPage","@id":"https:\/\/azplasticsurgerycenter.com\/es\/","url":"https:\/\/azplasticsurgerycenter.com\/es\/","name":"Robert J. Spies, MD, FACS | Scottsdale, AZ | Cirujano Pl\u00e1stico","isPartOf":{"@id":"https:\/\/azplasticsurgerycenter.com\/es\/#website"},"datePublished":"2015-08-16T06:20:04+00:00","dateModified":"2022-11-10T19:19:43+00:00","description":"Votado como uno de los mejores m\u00e9dicos de Arizona, el Dr. Spies es bien conocido por su calidad de trabajo y experiencia en cirug\u00eda est\u00e9tica y reconstructiva, que incluye el cambio de imagen de mam\u00e1s, la abdominoplastia, las cirug\u00edas de senos y m\u00e1s.","breadcrumb":{"@id":"https:\/\/azplasticsurgerycenter.com\/es\/#breadcrumb"},"inLanguage":"en-US","potentialAction":[{"@type":"ReadAction","target":["https:\/\/azplasticsurgerycenter.com\/es\/"]}]},{"@type":"BreadcrumbList","@id":"https:\/\/azplasticsurgerycenter.com\/es\/#breadcrumb","itemListElement":[{"@type":"ListItem","position":1,"name":"Home","item":"https:\/\/azplasticsurgerycenter.com\/es\/"},{"@type":"ListItem","position":2,"name":"Home"}]},{"@type":"WebSite","@id":"https:\/\/azplasticsurgerycenter.com\/es\/#website","url":"https:\/\/azplasticsurgerycenter.com\/es\/","name":"Robert J. Spies, MD, FACS","description":"Robert J. Spies, MD, FACS - Board Certified in Plastic and Reconstructive Surgery","potentialAction":[{"@type":"SearchAction","target":{"@type":"EntryPoint","urlTemplate":"https:\/\/azplasticsurgerycenter.com\/es\/?s={search_term_string}"},"query-input":"required name=search_term_string"}],"inLanguage":"en-US"}]}},"_links":{"self":[{"href":"https:\/\/azplasticsurgerycenter.com\/es\/wp-json\/wp\/v2\/pages\/14"}],"collection":[{"href":"https:\/\/azplasticsurgerycenter.com\/es\/wp-json\/wp\/v2\/pages"}],"about":[{"href":"https:\/\/azplasticsurgerycenter.com\/es\/wp-json\/wp\/v2\/types\/page"}],"author":[{"embeddable":true,"href":"https:\/\/azplasticsurgerycenter.com\/es\/wp-json\/wp\/v2\/users\/1"}],"replies":[{"embeddable":true,"href":"https:\/\/azplasticsurgerycenter.com\/es\/wp-json\/wp\/v2\/comments?post=14"}],"version-history":[{"count":10,"href":"https:\/\/azplasticsurgerycenter.com\/es\/wp-json\/wp\/v2\/pages\/14\/revisions"}],"predecessor-version":[{"id":4321,"href":"https:\/\/azplasticsurgerycenter.com\/es\/wp-json\/wp\/v2\/pages\/14\/revisions\/4321"}],"wp:attachment":[{"href":"https:\/\/azplasticsurgerycenter.com\/es\/wp-json\/wp\/v2\/media?parent=14"}],"curies":[{"name":"wp","href":"https:\/\/api.w.org\/{rel}","templated":true}]}}